{"id":1331,"date":"2016-11-25T20:27:51","date_gmt":"2016-11-25T19:27:51","guid":{"rendered":"http:\/\/ingeniousconsulting.fr\/lab\/?page_id=1331"},"modified":"2016-11-26T19:43:51","modified_gmt":"2016-11-26T18:43:51","slug":"glossaire-rstuvw-xyz","status":"publish","type":"page","link":"http:\/\/ingeniousconsulting.fr\/lab\/glossaire-rstuvw-xyz\/","title":{"rendered":"Glossaire RSTUVW XYZ"},"content":{"rendered":"<p>[et_pb_section admin_label=\u00a0\u00bbsection\u00a0\u00bb background_color=\u00a0\u00bb#3a3a3a\u00a0\u00bb inner_shadow=\u00a0\u00bboff\u00a0\u00bb parallax=\u00a0\u00bbon\u00a0\u00bb][et_pb_row admin_label=\u00a0\u00bbrow\u00a0\u00bb][et_pb_column type=\u00a0\u00bb4_4&Prime;][et_pb_text admin_label=\u00a0\u00bbText\u00a0\u00bb background_layout=\u00a0\u00bbdark\u00a0\u00bb text_orientation=\u00a0\u00bbcenter\u00a0\u00bb use_border_color=\u00a0\u00bboff\u00a0\u00bb border_color=\u00a0\u00bb#ffffff\u00a0\u00bb border_style=\u00a0\u00bbsolid\u00a0\u00bb]<\/p>\n<h1 style=\"font-size: 72px; font-weight: 300;\">Glossaire<\/h1>\n<p>[\/et_pb_text][\/et_pb_column][\/et_pb_row][\/et_pb_section][et_pb_section admin_label=\u00a0\u00bbsection\u00a0\u00bb fullwidth=\u00a0\u00bboff\u00a0\u00bb specialty=\u00a0\u00bboff\u00a0\u00bb inner_shadow=\u00a0\u00bboff\u00a0\u00bb parallax=\u00a0\u00bboff\u00a0\u00bb][et_pb_row admin_label=\u00a0\u00bbrow\u00a0\u00bb][et_pb_column type=\u00a0\u00bb4_4&Prime;][et_pb_text admin_label=\u00a0\u00bbText\u00a0\u00bb background_layout=\u00a0\u00bblight\u00a0\u00bb text_orientation=\u00a0\u00bbleft\u00a0\u00bb use_border_color=\u00a0\u00bboff\u00a0\u00bb border_color=\u00a0\u00bb#ffffff\u00a0\u00bb border_style=\u00a0\u00bbsolid\u00a0\u00bb]<\/p>\n<h1><span style=\"color: #ff6600;\"><a href=\"http:\/\/ingeniousconsulting.fr\/lab\/glossaire-abcde\/\">ABCDE <\/a>\u00a0<\/span>\u00a0<span style=\"color: #ff6600;\"><a href=\"http:\/\/ingeniousconsulting.fr\/lab\/glossaire-fghijk\/\">FGHIJK <\/a>\u00a0 <a href=\"http:\/\/ingeniousconsulting.fr\/lab\/glossaire-lmnopq\/\">LMNOPQ<\/a> \u00a0 <span style=\"color: #000000;\"><a href=\"http:\/\/ingeniousconsulting.fr\/lab\/glossaire-rstuvw-xyz\/\">R S T U V W \u00a0 X Y Z<\/a>\u00a0 \u00a0 \u00a0 \u00a0 \u00a0 \u00a0 \u00a0 \u00a0 <\/span><\/span><span style=\"color: #ff6600;\"><span style=\"color: #0099ff;\"><a style=\"color: #0099ff;\" href=\"http:\/\/ingeniousconsulting.fr\/lab\/glossaire\/\">\u00d6<\/a><\/span><\/span><\/h1>\n<p style=\"text-align: justify;\"><strong><em><u>Responsif\u00a0:<\/u><\/em><\/strong> Faire conna\u00eetre, oralement ou par \u00e9crit, en retour \u00e0 une question, \u00e0 une demande, \u00e0 une remarque, ce qu&rsquo;on a \u00e0 dire.<\/p>\n<p style=\"text-align: justify;\"><strong><em><u>Science Humaniste\u00a0:<\/u><\/em><\/strong> L&rsquo;orientation de l&rsquo;enseignement r\u00e9sulte de la conception que l&rsquo;on se fait de la culture g\u00e9n\u00e9rale et des humanit\u00e9s, c&rsquo;est-\u00e0-dire de la formation de l&rsquo;homme en g\u00e9n\u00e9ral, en lui donnant une capacit\u00e9 d&rsquo;adaptation &#8211; en dehors de toute sp\u00e9cialisation &#8211; aux diverses activit\u00e9s. Pour d\u00e9finir diff\u00e9rents types de culture le th\u00e8me des humanit\u00e9s a \u00e9t\u00e9 utilis\u00e9 de multiples fa\u00e7ons<\/p>\n<p style=\"text-align: justify;\"><strong><em><u>Secteur d\u2019activit\u00e9\u00a0:<\/u><\/em><\/strong> C\u2019est le regroupement des entreprises de fabrication, d\u2019industrie, de commerce, ou de services qui ont la m\u00eame activit\u00e9.<\/p>\n<p style=\"text-align: justify;\"><strong><em><u>S\u00e9rious Game\u00a0:<\/u><\/em><\/strong> C\u2019est un outil utilisant les nouvelles technologies dans l\u2019intention sp\u00e9cifique de faire passer un message de mani\u00e8re attraction. Il faut \u00eatre de l\u2019ordre p\u00e9dagogique, informatif, publicitaire, communicatif ou d\u2019entrainement, aspect ludique. On en trouve dans les milieux professionnels. On en trouve sur PC. Consoles, Smartphones\u2026..<\/p>\n<p style=\"text-align: justify;\"><strong><em><u>Socket\u00a0:<\/u><\/em><\/strong> C\u2019est un connecteur utilis\u00e9 pour interfacer un processeur avec une carte m\u00e8re.<\/p>\n<p style=\"text-align: justify;\"><strong><em><u>Streaming\u00a0:<\/u><\/em><\/strong> site de film compl\u00e9tement gratuit que l\u2019on peut regarder en illimit\u00e9. C\u2019est l\u00e9gal.<\/p>\n<p style=\"text-align: justify;\"><strong><em><u>Tutoriel\u00a0:<\/u><\/em><\/strong> C\u2019est des informations sous forme de petit film. (YouTube, Dailymotion\u2026.)<\/p>\n<p style=\"text-align: justify;\"><strong><em><u>Ubuntu\u00a0:<\/u><\/em><\/strong> C\u2019est un syst\u00e8me d\u2019exploitation open source bas\u00e9 sur la distribution Linux<\/p>\n<h2 style=\"text-align: justify;\"><\/h2>\n<h1 style=\"text-align: justify;\">X Y Z<\/h1>\n<p style=\"text-align: justify;\"><strong><em><u>Vision Syst\u00e9mique\u00a0:<\/u><\/em><\/strong> Prendre du recul pour voir mieux les choses<\/p>\n<p style=\"text-align: justify;\"><strong><em><u>Wifi\u00a0:<\/u><\/em><\/strong> communication sans fil<\/p>\n<p style=\"text-align: justify;\"><strong><em><u>Word\u00a0:<\/u><\/em><\/strong> Logiciel de traitement de texte et de documents. (Saisie et mise en page de texte)<\/p>\n<hr \/>\n<p>[\/et_pb_text][\/et_pb_column][\/et_pb_row][\/et_pb_section]<\/p>\n","protected":false},"excerpt":{"rendered":"<p>Glossaire ABCDE \u00a0\u00a0FGHIJK \u00a0 LMNOPQ \u00a0 R S T U V W \u00a0 X Y Z\u00a0 \u00a0 \u00a0 \u00a0 \u00a0 \u00a0 \u00a0 \u00a0 \u00d6 Responsif\u00a0: Faire conna\u00eetre, oralement ou par \u00e9crit, en retour \u00e0 une question, \u00e0 une demande, \u00e0 une remarque, ce qu&rsquo;on a \u00e0 dire. Science Humaniste\u00a0: L&rsquo;orientation de l&rsquo;enseignement r\u00e9sulte de la [&hellip;]<\/p>\n","protected":false},"author":1,"featured_media":0,"parent":0,"menu_order":0,"comment_status":"closed","ping_status":"closed","template":"","meta":{"_et_pb_use_builder":"on","_et_pb_old_content":"","_et_gb_content_width":"","_mi_skip_tracking":false,"_monsterinsights_sitenote_active":false,"_monsterinsights_sitenote_note":"","_monsterinsights_sitenote_category":0},"_links":{"self":[{"href":"http:\/\/ingeniousconsulting.fr\/lab\/wp-json\/wp\/v2\/pages\/1331"}],"collection":[{"href":"http:\/\/ingeniousconsulting.fr\/lab\/wp-json\/wp\/v2\/pages"}],"about":[{"href":"http:\/\/ingeniousconsulting.fr\/lab\/wp-json\/wp\/v2\/types\/page"}],"author":[{"embeddable":true,"href":"http:\/\/ingeniousconsulting.fr\/lab\/wp-json\/wp\/v2\/users\/1"}],"replies":[{"embeddable":true,"href":"http:\/\/ingeniousconsulting.fr\/lab\/wp-json\/wp\/v2\/comments?post=1331"}],"version-history":[{"count":7,"href":"http:\/\/ingeniousconsulting.fr\/lab\/wp-json\/wp\/v2\/pages\/1331\/revisions"}],"predecessor-version":[{"id":1396,"href":"http:\/\/ingeniousconsulting.fr\/lab\/wp-json\/wp\/v2\/pages\/1331\/revisions\/1396"}],"wp:attachment":[{"href":"http:\/\/ingeniousconsulting.fr\/lab\/wp-json\/wp\/v2\/media?parent=1331"}],"curies":[{"name":"wp","href":"https:\/\/api.w.org\/{rel}","templated":true}]}}