{"id":1324,"date":"2016-11-25T20:06:06","date_gmt":"2016-11-25T19:06:06","guid":{"rendered":"http:\/\/ingeniousconsulting.fr\/lab\/?page_id=1324"},"modified":"2016-11-26T19:45:22","modified_gmt":"2016-11-26T18:45:22","slug":"glossaire-lmnopq","status":"publish","type":"page","link":"http:\/\/ingeniousconsulting.fr\/lab\/glossaire-lmnopq\/","title":{"rendered":"Glossaire  LMNOPQ"},"content":{"rendered":"<p>[et_pb_section admin_label=\u00a0\u00bbsection\u00a0\u00bb background_color=\u00a0\u00bb#3a3a3a\u00a0\u00bb inner_shadow=\u00a0\u00bboff\u00a0\u00bb parallax=\u00a0\u00bbon\u00a0\u00bb][et_pb_row admin_label=\u00a0\u00bbrow\u00a0\u00bb][et_pb_column type=\u00a0\u00bb4_4&Prime;][et_pb_text admin_label=\u00a0\u00bbText\u00a0\u00bb background_layout=\u00a0\u00bbdark\u00a0\u00bb text_orientation=\u00a0\u00bbcenter\u00a0\u00bb use_border_color=\u00a0\u00bboff\u00a0\u00bb border_color=\u00a0\u00bb#ffffff\u00a0\u00bb border_style=\u00a0\u00bbsolid\u00a0\u00bb]<\/p>\n<h1 style=\"font-size: 72px; font-weight: 300;\">Glossaire<\/h1>\n<p>[\/et_pb_text][\/et_pb_column][\/et_pb_row][\/et_pb_section][et_pb_section admin_label=\u00a0\u00bbsection\u00a0\u00bb fullwidth=\u00a0\u00bboff\u00a0\u00bb specialty=\u00a0\u00bboff\u00a0\u00bb inner_shadow=\u00a0\u00bboff\u00a0\u00bb parallax=\u00a0\u00bboff\u00a0\u00bb][et_pb_row admin_label=\u00a0\u00bbrow\u00a0\u00bb][et_pb_column type=\u00a0\u00bb4_4&Prime;][et_pb_text admin_label=\u00a0\u00bbText\u00a0\u00bb background_layout=\u00a0\u00bblight\u00a0\u00bb text_orientation=\u00a0\u00bbleft\u00a0\u00bb use_border_color=\u00a0\u00bboff\u00a0\u00bb border_color=\u00a0\u00bb#ffffff\u00a0\u00bb border_style=\u00a0\u00bbsolid\u00a0\u00bb]<\/p>\n<h1><span style=\"color: #ff6600;\"><a href=\"http:\/\/ingeniousconsulting.fr\/lab\/glossaire-abcde\/\">ABCDE<\/a> \u00a0\u00a0<a href=\"http:\/\/ingeniousconsulting.fr\/lab\/glossaire-fghijk\/\">FGHIJK<\/a> \u00a0 <a href=\"http:\/\/ingeniousconsulting.fr\/lab\/glossaire-lmnopq\/\"><span style=\"color: #000000;\">L M N O P Q<\/span><\/a> \u00a0 <a href=\"http:\/\/ingeniousconsulting.fr\/lab\/glossaire-rstuvw-xyz\/\">RSTUVW \u00a0 XYZ<\/a>\u00a0 \u00a0 \u00a0 \u00a0 \u00a0 \u00a0 \u00a0 \u00a0 \u00a0 <\/span><span style=\"color: #ff6600;\"><span style=\"color: #0099ff;\"><a style=\"color: #0099ff;\" href=\"http:\/\/ingeniousconsulting.fr\/lab\/glossaire\/\">\u00d6<\/a><\/span><\/span><\/h1>\n<p style=\"text-align: justify;\"><strong><em><u>Linux\u00a0:<\/u><\/em><\/strong> Syst\u00e8me d\u2019exploitation et navigation.<\/p>\n<p style=\"text-align: justify;\"><strong><em><u>Mackerspace\u00a0:<\/u><\/em><\/strong> C\u2019est une culture ( ou sous culture) contemporaine constituant une branche vers la technologie. Les domaines sont donc l\u2019\u00e9lectronique, la robotique, l\u2019impression 3D et l\u2019usage des machines-outils, mais \u00e9galement des activit\u00e9s plus traditionnelles telles que la m\u00e9tallurgie, les arts traditionnels et l\u2019artisanat.<\/p>\n<p style=\"text-align: justify;\"><strong><em><u>Manager\u00a0:<\/u><\/em><\/strong> C\u2019est avoir des responsabilit\u00e9s, soit en \u00e9quipe de direction, soit \u00e0 la t\u00eate d\u2019une \u00e9quipe projet<\/p>\n<p style=\"text-align: justify;\"><strong><em><u>Maslow\u00a0:<\/u><\/em><\/strong> Pyramide des besoins<\/p>\n<p style=\"text-align: justify;\"><strong><em><u>Mod\u00e9rateur\u00a0:<\/u><\/em><\/strong> Chose ou personne qui, par son action, tend \u00e0 temp\u00e9rer ce qu&rsquo;il peut y avoir d&rsquo;excessif.<\/p>\n<p style=\"text-align: justify;\"><strong><em><u>Mooc\u00a0:<\/u><\/em><\/strong> Formation en ligne ouvert \u00e0 tous et \u00e0 distance.<\/p>\n<p style=\"text-align: justify;\"><strong><em><u>Movie\u00a0:<\/u><\/em><\/strong> Montage vid\u00e9o, cr\u00e9er, \u00e9diter et partager avec windows live. Ajout d\u2019image, transition de titre anim\u00e9, musique.<\/p>\n<p style=\"text-align: justify;\"><strong><em><u>Obsolescence\u00a0:<\/u><\/em><\/strong> Le produit d\u2019\u00eatre d\u00e9pass\u00e9 et donc de perdre une partie de sa valeur en raison de sa seule \u00e9volution technique.<\/p>\n<p style=\"text-align: justify;\"><strong><em><u>Open source\u00a0:<\/u><\/em><\/strong> D\u00e9termin\u00e9 les conditions n\u00e9cessaire pour qu\u2019une licence soit consid\u00e9r\u00e9e comme libre. Lire, Modifier, Redistribuer.<\/p>\n<p style=\"text-align: justify;\"><strong><em><u>Page d\u2019accueil\u00a0:<\/u><\/em><\/strong> C\u2019est une pr\u00e9sentation d\u2019un site avec un descriptif<\/p>\n<p style=\"text-align: justify;\"><strong><em><u>P\u00e9pini\u00e8re Entreprise\u00a0:<\/u><\/em><\/strong> C\u2019est une structure destin\u00e9 \u00e0 faciliter la cr\u00e9ation d\u2019entreprise en apportant un soutien technique et financier, des conseils et des services.<\/p>\n<p style=\"text-align: justify;\"><strong><em><u>Portfolio\u00a0:<\/u><\/em><\/strong> Dossier personnel des acquis de formation. Un\u00a0<strong>portfolio<\/strong>\u00a0est un dossier personnel dans lequel les acquis de formation et les acquis de l&rsquo;exp\u00e9rience d&rsquo;une personne sont d\u00e9finis et d\u00e9montr\u00e9s en vue d&rsquo;une reconnaissance par un \u00e9tablissement d&rsquo;enseignement ou un employeur. On l\u2019appelle aussi portefeuille des comp\u00e9tences.<\/p>\n<p style=\"text-align: justify;\"><strong><em><u>PowerPoint\u00a0:<\/u><\/em><\/strong> Cr\u00e9er des pr\u00e9sentations et des diaporamas de qualit\u00e9 professionnelle.<\/p>\n<p style=\"text-align: justify;\">\u00a0\u00a0\u00a0\u00a0\u00a0\u00a0\u00a0\u00a0\u00a0\u00a0\u00a0\u00a0\u00a0\u00a0\u00a0\u00a0\u00a0\u00a0\u00a0\u00a0\u00a0\u00a0\u00a0\u00a0\u00a0\u00a0\u00a0\u00a0\u00a0\u00a0 \u00a0 (Permet d\u2019inclure des photos, des tutoriels, des courbes, etc\u2026)<\/p>\n<hr \/>\n<p>[\/et_pb_text][\/et_pb_column][\/et_pb_row][\/et_pb_section]<\/p>\n","protected":false},"excerpt":{"rendered":"<p>Glossaire ABCDE \u00a0\u00a0FGHIJK \u00a0 L M N O P Q \u00a0 RSTUVW \u00a0 XYZ\u00a0 \u00a0 \u00a0 \u00a0 \u00a0 \u00a0 \u00a0 \u00a0 \u00a0 \u00d6 Linux\u00a0: Syst\u00e8me d\u2019exploitation et navigation. Mackerspace\u00a0: C\u2019est une culture ( ou sous culture) contemporaine constituant une branche vers la technologie. Les domaines sont donc l\u2019\u00e9lectronique, la robotique, l\u2019impression 3D et l\u2019usage des [&hellip;]<\/p>\n","protected":false},"author":1,"featured_media":0,"parent":0,"menu_order":0,"comment_status":"closed","ping_status":"closed","template":"","meta":{"_et_pb_use_builder":"on","_et_pb_old_content":"","_et_gb_content_width":"","_mi_skip_tracking":false,"_monsterinsights_sitenote_active":false,"_monsterinsights_sitenote_note":"","_monsterinsights_sitenote_category":0},"_links":{"self":[{"href":"http:\/\/ingeniousconsulting.fr\/lab\/wp-json\/wp\/v2\/pages\/1324"}],"collection":[{"href":"http:\/\/ingeniousconsulting.fr\/lab\/wp-json\/wp\/v2\/pages"}],"about":[{"href":"http:\/\/ingeniousconsulting.fr\/lab\/wp-json\/wp\/v2\/types\/page"}],"author":[{"embeddable":true,"href":"http:\/\/ingeniousconsulting.fr\/lab\/wp-json\/wp\/v2\/users\/1"}],"replies":[{"embeddable":true,"href":"http:\/\/ingeniousconsulting.fr\/lab\/wp-json\/wp\/v2\/comments?post=1324"}],"version-history":[{"count":7,"href":"http:\/\/ingeniousconsulting.fr\/lab\/wp-json\/wp\/v2\/pages\/1324\/revisions"}],"predecessor-version":[{"id":1398,"href":"http:\/\/ingeniousconsulting.fr\/lab\/wp-json\/wp\/v2\/pages\/1324\/revisions\/1398"}],"wp:attachment":[{"href":"http:\/\/ingeniousconsulting.fr\/lab\/wp-json\/wp\/v2\/media?parent=1324"}],"curies":[{"name":"wp","href":"https:\/\/api.w.org\/{rel}","templated":true}]}}