{"id":1319,"date":"2016-11-25T19:56:56","date_gmt":"2016-11-25T18:56:56","guid":{"rendered":"http:\/\/ingeniousconsulting.fr\/lab\/?page_id=1319"},"modified":"2016-11-26T19:42:54","modified_gmt":"2016-11-26T18:42:54","slug":"glossaire-fghijk","status":"publish","type":"page","link":"http:\/\/ingeniousconsulting.fr\/lab\/glossaire-fghijk\/","title":{"rendered":"Glossaire fghijk"},"content":{"rendered":"<p>[et_pb_section admin_label=\u00a0\u00bbsection\u00a0\u00bb background_color=\u00a0\u00bb#3a3a3a\u00a0\u00bb inner_shadow=\u00a0\u00bboff\u00a0\u00bb parallax=\u00a0\u00bbon\u00a0\u00bb][et_pb_row admin_label=\u00a0\u00bbrow\u00a0\u00bb][et_pb_column type=\u00a0\u00bb4_4&Prime;][et_pb_text admin_label=\u00a0\u00bbText\u00a0\u00bb background_layout=\u00a0\u00bbdark\u00a0\u00bb text_orientation=\u00a0\u00bbcenter\u00a0\u00bb use_border_color=\u00a0\u00bboff\u00a0\u00bb border_color=\u00a0\u00bb#ffffff\u00a0\u00bb border_style=\u00a0\u00bbsolid\u00a0\u00bb]<\/p>\n<h1 style=\"font-size: 72px; font-weight: 300;\">Glossaire<\/h1>\n<p>[\/et_pb_text][\/et_pb_column][\/et_pb_row][\/et_pb_section][et_pb_section admin_label=\u00a0\u00bbsection\u00a0\u00bb fullwidth=\u00a0\u00bboff\u00a0\u00bb specialty=\u00a0\u00bboff\u00a0\u00bb inner_shadow=\u00a0\u00bboff\u00a0\u00bb parallax=\u00a0\u00bboff\u00a0\u00bb][et_pb_row admin_label=\u00a0\u00bbrow\u00a0\u00bb][et_pb_column type=\u00a0\u00bb4_4&Prime;][et_pb_text admin_label=\u00a0\u00bbText\u00a0\u00bb background_layout=\u00a0\u00bblight\u00a0\u00bb text_orientation=\u00a0\u00bbleft\u00a0\u00bb use_border_color=\u00a0\u00bboff\u00a0\u00bb border_color=\u00a0\u00bb#ffffff\u00a0\u00bb border_style=\u00a0\u00bbsolid\u00a0\u00bb]<\/p>\n<h1><a href=\"http:\/\/ingeniousconsulting.fr\/lab\/glossaire-abcde\/\"><span style=\"color: #ff9900;\">ABCDE <\/span><\/a>\u00a0\u00a0<span style=\"color: #ff6600;\"><a href=\"http:\/\/ingeniousconsulting.fr\/lab\/glossaire-fghijk\/\"><span style=\"color: #000000;\">F G H I J K<\/span><\/a> \u00a0 <a href=\"http:\/\/ingeniousconsulting.fr\/lab\/glossaire-lmnopq\/\"><span style=\"color: #ff9900;\">LMNOPQ<\/span> <\/a>\u00a0 <span style=\"color: #ff9900;\"><a href=\"http:\/\/ingeniousconsulting.fr\/lab\/glossaire-rstuvw-xyz\/\">RSTUVW \u00a0 XYZ<\/a>\u00a0 \u00a0 \u00a0 \u00a0 \u00a0 \u00a0 \u00a0 \u00a0 \u00a0<\/span><\/span><span style=\"color: #ff6600;\"><span style=\"color: #0099ff;\">\u00a0<a style=\"color: #0099ff;\" href=\"http:\/\/ingeniousconsulting.fr\/lab\/glossaire\/\">\u00d6<\/a><\/span><\/span><\/h1>\n<hr \/>\n<h2 style=\"text-align: justify;\"><\/h2>\n<p style=\"text-align: justify;\"><strong><em><u>Fablab\u00a0:<\/u><\/em><\/strong> Laboratoire de fabrication est un tiers lieu mackerspace. Lieux qui abritent des machines et des mat\u00e9riaux pr\u00e9sentant des dangers pour les utilisateurs et les visiteurs.<\/p>\n<p style=\"text-align: justify;\"><strong><em><u>Fishing\u00a0:<\/u><\/em><\/strong> C\u2019est une technique utilis\u00e9e par les fraudeurs pour obtenir des renseignements personnels dans le but de perp\u00e9trer une usurpation d\u2019identit\u00e9.<\/p>\n<p style=\"text-align: justify;\"><strong><em><u>FUN\u00a0:<\/u><\/em><\/strong> Cours sup\u00e9rieurs en ligne gratuit et ouvert \u00e0 tous. (Plusieurs th\u00e8mes)<\/p>\n<p style=\"text-align: justify;\"><strong><em><u>Glossaire\u00a0:<\/u><\/em><\/strong> dictionnaire de mots non connus<\/p>\n<p style=\"text-align: justify;\"><strong><em><u>Gmail\u00a0:<\/u><\/em><\/strong> Un espace de stockage, s\u2019utilise sur tous les supports num\u00e9riques, tablettes, smartphone, PC \u2026 recevoir, message, email, vid\u00e9o.<\/p>\n<p style=\"text-align: justify;\"><strong><em><u>Google\u00a0:<\/u><\/em><\/strong> C\u2019est un moteur de recherche, propose des outils\u00a0 et services pour les internautes.<\/p>\n<p style=\"text-align: justify;\">\u00a0<strong><em><u>Hadopi <\/u><\/em><\/strong><strong><em><u>:<\/u><\/em><\/strong> (Haute Autorit\u00e9 pour la diffusion des \u0153uvres et la protection des droits sur\u00a0<a href=\"https:\/\/fr.wikipedia.org\/wiki\/Internet\">Internet<\/a>)<\/p>\n<p style=\"text-align: justify;\"><strong><em><u>Hoax\u00a0:<\/u><\/em><\/strong> C\u2019est un canular cr\u00e9\u00e9 \u00e0 des fins malveillantes sur le WEB.<\/p>\n<p style=\"text-align: justify;\"><strong><em><u>Hoaxbuster\u00a0:<\/u><\/em><\/strong> Pour r\u00e9duire la propagation de rumeurs et canulars en ligne.<\/p>\n<p style=\"text-align: justify;\"><strong><em><u>I.A\u00a0: Intelligence Artificielle.<\/u><\/em><\/strong><\/p>\n<p style=\"text-align: justify;\">C\u2019est le nom donn\u00e9 \u00e0 l\u2019intelligence des machines et des logiciels. Elle se veut discipline scientifique recherche des m\u00e9thodes de cr\u00e9ation ou de simulation de l\u2019intelligence.<\/p>\n<p style=\"text-align: justify;\"><strong><em><u>Indeed\u00a0:<\/u><\/em><\/strong> Site ou il a des milliers offres d\u2019emploi en France, pleins de site et de journaux sur les offres d\u2019emplois<\/p>\n<p style=\"text-align: justify;\"><strong><em><u>Job board\u00a0:<\/u><\/em><\/strong> C\u2019est un site qui affiche des offres d\u2019emplois<\/p>\n<h1 style=\"text-align: justify;\"><\/h1>\n<p>[\/et_pb_text][\/et_pb_column][\/et_pb_row][et_pb_row admin_label=\u00a0\u00bbrow\u00a0\u00bb][et_pb_column type=\u00a0\u00bb4_4&Prime;][\/et_pb_column][\/et_pb_row][\/et_pb_section]<\/p>\n","protected":false},"excerpt":{"rendered":"<p>Glossaire ABCDE \u00a0\u00a0F G H I J K \u00a0 LMNOPQ \u00a0 RSTUVW \u00a0 XYZ\u00a0 \u00a0 \u00a0 \u00a0 \u00a0 \u00a0 \u00a0 \u00a0 \u00a0\u00a0\u00d6 Fablab\u00a0: Laboratoire de fabrication est un tiers lieu mackerspace. Lieux qui abritent des machines et des mat\u00e9riaux pr\u00e9sentant des dangers pour les utilisateurs et les visiteurs. Fishing\u00a0: C\u2019est une technique utilis\u00e9e par les [&hellip;]<\/p>\n","protected":false},"author":1,"featured_media":0,"parent":0,"menu_order":0,"comment_status":"closed","ping_status":"closed","template":"","meta":{"_et_pb_use_builder":"on","_et_pb_old_content":"","_et_gb_content_width":"","_mi_skip_tracking":false,"_monsterinsights_sitenote_active":false,"_monsterinsights_sitenote_note":"","_monsterinsights_sitenote_category":0},"_links":{"self":[{"href":"http:\/\/ingeniousconsulting.fr\/lab\/wp-json\/wp\/v2\/pages\/1319"}],"collection":[{"href":"http:\/\/ingeniousconsulting.fr\/lab\/wp-json\/wp\/v2\/pages"}],"about":[{"href":"http:\/\/ingeniousconsulting.fr\/lab\/wp-json\/wp\/v2\/types\/page"}],"author":[{"embeddable":true,"href":"http:\/\/ingeniousconsulting.fr\/lab\/wp-json\/wp\/v2\/users\/1"}],"replies":[{"embeddable":true,"href":"http:\/\/ingeniousconsulting.fr\/lab\/wp-json\/wp\/v2\/comments?post=1319"}],"version-history":[{"count":5,"href":"http:\/\/ingeniousconsulting.fr\/lab\/wp-json\/wp\/v2\/pages\/1319\/revisions"}],"predecessor-version":[{"id":1596,"href":"http:\/\/ingeniousconsulting.fr\/lab\/wp-json\/wp\/v2\/pages\/1319\/revisions\/1596"}],"wp:attachment":[{"href":"http:\/\/ingeniousconsulting.fr\/lab\/wp-json\/wp\/v2\/media?parent=1319"}],"curies":[{"name":"wp","href":"https:\/\/api.w.org\/{rel}","templated":true}]}}