{"id":1282,"date":"2016-11-25T18:41:47","date_gmt":"2016-11-25T17:41:47","guid":{"rendered":"http:\/\/ingeniousconsulting.fr\/lab\/?page_id=1282"},"modified":"2016-11-26T19:39:29","modified_gmt":"2016-11-26T18:39:29","slug":"glossaire-abcde","status":"publish","type":"page","link":"http:\/\/ingeniousconsulting.fr\/lab\/glossaire-abcde\/","title":{"rendered":"Glossaire abcde"},"content":{"rendered":"<p>[et_pb_section admin_label=\u00a0\u00bbsection\u00a0\u00bb background_color=\u00a0\u00bb#3a3a3a\u00a0\u00bb inner_shadow=\u00a0\u00bboff\u00a0\u00bb parallax=\u00a0\u00bbon\u00a0\u00bb][et_pb_row admin_label=\u00a0\u00bbrow\u00a0\u00bb][et_pb_column type=\u00a0\u00bb4_4&Prime;][et_pb_text admin_label=\u00a0\u00bbText\u00a0\u00bb background_layout=\u00a0\u00bbdark\u00a0\u00bb text_orientation=\u00a0\u00bbcenter\u00a0\u00bb use_border_color=\u00a0\u00bboff\u00a0\u00bb border_color=\u00a0\u00bb#ffffff\u00a0\u00bb border_style=\u00a0\u00bbsolid\u00a0\u00bb]<\/p>\n<h1 style=\"font-size: 72px; font-weight: 300;\">Glossaire<\/h1>\n<p>[\/et_pb_text][\/et_pb_column][\/et_pb_row][\/et_pb_section][et_pb_section admin_label=\u00a0\u00bbsection\u00a0\u00bb fullwidth=\u00a0\u00bboff\u00a0\u00bb specialty=\u00a0\u00bboff\u00a0\u00bb inner_shadow=\u00a0\u00bboff\u00a0\u00bb parallax=\u00a0\u00bboff\u00a0\u00bb][et_pb_row admin_label=\u00a0\u00bbrow\u00a0\u00bb][et_pb_column type=\u00a0\u00bb4_4&Prime;][et_pb_text admin_label=\u00a0\u00bbText\u00a0\u00bb background_layout=\u00a0\u00bblight\u00a0\u00bb text_orientation=\u00a0\u00bbleft\u00a0\u00bb use_border_color=\u00a0\u00bboff\u00a0\u00bb border_color=\u00a0\u00bb#ffffff\u00a0\u00bb border_style=\u00a0\u00bbsolid\u00a0\u00bb]<\/p>\n<h1><span style=\"color: #000000;\"><a style=\"color: #000000;\" href=\"http:\/\/ingeniousconsulting.fr\/lab\/glossaire-abcde\/\">A B C D E <\/a><\/span>\u00a0\u00a0<span style=\"color: #ff6600;\"><a href=\"http:\/\/ingeniousconsulting.fr\/lab\/glossaire-fghijk\/\">FGHIJK<\/a> \u00a0<a href=\"http:\/\/ingeniousconsulting.fr\/lab\/glossaire-lmnopq\/\"> LMNOPQ <\/a>\u00a0 <a href=\"http:\/\/ingeniousconsulting.fr\/lab\/glossaire-rstuvw-xyz\/\">RSTUVW \u00a0 XYZ<\/a>\u00a0 \u00a0 \u00a0 \u00a0 \u00a0 \u00a0 \u00a0 \u00a0 \u00a0 <span style=\"color: #0099ff;\">\u00a0<a style=\"color: #0099ff;\" href=\"http:\/\/ingeniousconsulting.fr\/lab\/glossaire\/\">\u00d6<\/a><\/span><\/span><\/h1>\n<hr \/>\n<p style=\"text-align: justify;\"><div class='et-learn-more clearfix'>\n\t\t\t\t\t<h3 class='heading-more'>Actualis\u00e9 le 23\/11\/2016<span class='et_learnmore_arrow'><span><\/span><\/span><\/h3>\n\t\t\t\t\t<div class='learn-more-content'>Action 2016 : les Femmes et le Digital, r\u00e9alis\u00e9 par Peggy-F<\/div>\n\t\t\t\t<\/div><\/p>\n<p style=\"text-align: justify;\"><strong><em><u>Access\u00a0:<\/u><\/em><\/strong>\u00a0(officiellement\u00a0<em>Microsoft Office Access<\/em>) est une\u00a0<a href=\"https:\/\/fr.wikipedia.org\/wiki\/Base_de_donn%C3%A9es_relationnelle\">base de donn\u00e9es relationnelle<\/a>\u00a0\u00e9dit\u00e9e par\u00a0<a href=\"https:\/\/fr.wikipedia.org\/wiki\/Microsoft\">Microsoft<\/a>.<\/p>\n<p style=\"text-align: justify;\"><em>MS Access<\/em>\u00a0est compos\u00e9 de plusieurs programmes\u00a0: le\u00a0<a href=\"https:\/\/fr.wikipedia.org\/wiki\/Moteur_de_base_de_donn%C3%A9es\">moteur de base de donn\u00e9es<\/a>\u00a0<a href=\"https:\/\/fr.wikipedia.org\/wiki\/Microsoft_Jet\">Microsoft Jet<\/a>, un \u00e9diteur graphique, une interface de type\u00a0<a href=\"https:\/\/fr.wikipedia.org\/wiki\/Query_by_Example\">Query by Example<\/a>\u00a0pour manipuler les bases de donn\u00e9es, et le langage de programmation\u00a0<a href=\"https:\/\/fr.wikipedia.org\/wiki\/Visual_Basic_for_Applications\">Visual Basic for Applications<\/a>.<\/p>\n<p style=\"text-align: justify;\">La derni\u00e8re version en date est la version 2016\u00a0; elle fait partie de la suite\u00a0<a href=\"https:\/\/fr.wikipedia.org\/wiki\/Microsoft_Office_2016\">Microsoft Office 2016<\/a>\u00a0et est incluse dans l&rsquo;abonnement \u00e0\u00a0<a href=\"https:\/\/fr.wikipedia.org\/wiki\/Microsoft_Office_365\">Office 365<\/a>. Access 2016 int\u00e8gre de nouvelles fonctionnalit\u00e9s dont de nouveaux th\u00e8mes, la modernisation des cinq mod\u00e8les les plus populaires et l&rsquo;exportation d\u2019informations de sources de donn\u00e9es li\u00e9es vers\u00a0<a href=\"https:\/\/fr.wikipedia.org\/wiki\/Microsoft_Excel\">Excel<\/a>.<\/p>\n<p style=\"text-align: justify;\"><strong><em><u>Adresse IP\u00a0:<\/u><\/em><\/strong> Tous les ordinateurs connect\u00e9s \u00e0 Internet ont une adresse compos\u00e9e de quatre nombres s\u00e9par\u00e9s par un point. Cette adresse est obligatoire pour acc\u00e9der \u00e0 un serveur et naviguer sur Internet.<\/p>\n<p style=\"text-align: justify;\"><strong><em><u>Application responsive\u00a0<\/u><\/em><\/strong>: Un site web\u00a0dit de<strong>\u00a0<\/strong><strong>conception \u00ab\u00a0responsive\u00a0\u00bb<\/strong>\u00a0est un site (e-commerce, vitrine\u2026)\u00a0qui comprend dans son code la possibilit\u00e9 de s\u2019<strong>adapter <\/strong>automatiquement\u00a0au support sur lequel il est affich\u00e9. C\u2019est donc un seul et m\u00eame\u00a0<a href=\"https:\/\/www.agence-web-cvmh.fr\/creation-site-internet-professionnel\/\">site internet\u00a0<\/a>qui sera r\u00e9alis\u00e9 et qui pourra aussi bien <strong>s\u2019afficher sur un ordinateur que sur un smartphone ou une tablette<\/strong>.<\/p>\n<p style=\"text-align: justify;\"><strong><em><u>Bill Gates\u00a0:<\/u><\/em><\/strong> N\u00e9e \u00e0 Seattle, dans l\u2019\u00e9tat de Washington (Etats-Unis). Il est informaticien et entrepreneur am\u00e9ricain, pionnier dans l\u2019informatique. Il a fond\u00e9 1975, avec son ami Paul Allen, la soci\u00e9t\u00e9 de logiciel appel\u00e9 Micro-Soft (rebaptis\u00e9 depuis Microsoft). Ils ont achet\u00e9 le syst\u00e8me d\u2019exploitation QDOS pour en faire le MS-DOS.<\/p>\n<p style=\"text-align: justify;\"><strong><em><u>Blog\u00a0:<\/u><\/em><\/strong> Un\u00a0<strong><em>blog<\/em><\/strong>,\u00a0<a href=\"https:\/\/fr.wikipedia.org\/wiki\/Anglicisme\">anglicisme<\/a>\u00a0pouvant \u00eatre francis\u00e9 en\u00a0<strong>blogue<\/strong><a href=\"https:\/\/fr.wikipedia.org\/wiki\/Blog#cite_note-1\"><sup>1<\/sup><\/a>\u00a0et parfois appel\u00e9\u00a0<strong>cybercarnet<\/strong><a href=\"https:\/\/fr.wikipedia.org\/wiki\/Blog#cite_note-2\"><sup>2<\/sup><\/a>\u00a0ou\u00a0<strong>bloc-notes<\/strong>, est un type de\u00a0<a href=\"https:\/\/fr.wikipedia.org\/wiki\/Site_web\">site web<\/a>\u00a0\u2013 ou une partie d&rsquo;un site web \u2013 utilis\u00e9 pour la\u00a0<a href=\"https:\/\/fr.wikipedia.org\/wiki\/Publication\">publication<\/a>\u00a0p\u00e9riodique et r\u00e9guli\u00e8re d&rsquo;articles, g\u00e9n\u00e9ralement succincts, et rendant compte d&rsquo;une actualit\u00e9 autour d&rsquo;un sujet donn\u00e9 ou d&rsquo;une profession.<\/p>\n<p style=\"text-align: justify;\"><strong><em><u>B2i\u00a0:<\/u><\/em><\/strong> adultes est une attestation qui certifie la ma\u00eetrise de la comp\u00e9tence num\u00e9rique ainsi que l&rsquo;usage s\u00fbr et critique des technologies de la soci\u00e9t\u00e9 de l&rsquo;information. Pour obtenir le B2i adultes, les candidats doivent faire la preuve de leurs comp\u00e9tences aupr\u00e8s de centres agr\u00e9\u00e9s.<\/p>\n<p style=\"text-align: justify;\"><strong><em><u>Cantine Num\u00e9rique<\/u><\/em><\/strong><strong><em><u>\u00a0:<\/u><\/em><\/strong> C\u2019est un espace de coworking d\u00e9di\u00e9 aux professionnels du web et du num\u00e9rique.<\/p>\n<p style=\"text-align: justify;\"><strong><em><u>Coworking\u00a0:<\/u><\/em><\/strong> Co travail ou parfois bureaux partag\u00e9s est type d\u2019organisation travail qui regroupe deux notions\u00a0:<\/p>\n<ul style=\"text-align: justify;\">\n<li>Un espace de travail partag\u00e9<\/li>\n<li>Mais aussi un r\u00e9seau de travailleurs encourageant l\u2019\u00e9change et l\u2019ouverture<\/li>\n<\/ul>\n<p style=\"text-align: justify;\">Il est un des domaines de l\u2019\u00e9conomie collaborative.<\/p>\n<p style=\"text-align: justify;\"><strong><em><u>Culture Geek\u00a0:<\/u><\/em><\/strong> Fan d\u2019informatique<\/p>\n<p style=\"text-align: justify;\"><strong><em><u>Darknet\u00a0:<\/u><\/em><\/strong><strong> c\u2019est une collection de pages non-index\u00e9es<\/strong>, ce qui signifie que vous n\u2019allez pas pouvoir les trouver via les moteurs de recherche et vous ne pouvez pas non plus y acc\u00e9der avec un navigateur web comme Chrome puisque elles se terminent en .onion.<\/p>\n<p style=\"text-align: justify;\"><strong><em><u>Droit \u00e0 l\u2019image\u00a0:<\/u><\/em><\/strong> on peut faire des photographies et des vid\u00e9os sur des personnes. Mais pas le droit de reproduire et de publi\u00e9 sur internet sans le consentement des personnes.<\/p>\n<p style=\"text-align: justify;\"><strong><em><u>Dropbox\u00a0:<\/u><\/em><\/strong> Service de stockage, de partage et de copies de fichiers<\/p>\n<p style=\"text-align: justify;\"><strong><em><u>Excel\u00a0:<\/u><\/em><\/strong> Cr\u00e9ation de tableur (Calcul, traitement salaire, courbe etc\u2026.)<\/p>\n<h2 style=\"text-align: justify;\"><\/h2>\n<h1 style=\"text-align: justify;\"><\/h1>\n<p>[\/et_pb_text][\/et_pb_column][\/et_pb_row][\/et_pb_section]<\/p>\n","protected":false},"excerpt":{"rendered":"<p>Glossaire A B C D E \u00a0\u00a0FGHIJK \u00a0 LMNOPQ \u00a0 RSTUVW \u00a0 XYZ\u00a0 \u00a0 \u00a0 \u00a0 \u00a0 \u00a0 \u00a0 \u00a0 \u00a0 \u00a0\u00d6 <div class='et-learn-more clearfix'>\n\t\t\t\t\t<h3 class='heading-more'>Actualis\u00e9 le 23\/11\/2016<span class='et_learnmore_arrow'><span><\/span><\/span><\/h3>\n\t\t\t\t\t<div class='learn-more-content'>Action 2016 : les Femmes et le Digital, r\u00e9alis\u00e9 par Peggy-F<\/div>\n\t\t\t\t<\/div> Access\u00a0:\u00a0(officiellement\u00a0Microsoft Office Access) est une\u00a0base de donn\u00e9es relationnelle\u00a0\u00e9dit\u00e9e par\u00a0Microsoft. MS Access\u00a0est compos\u00e9 de plusieurs programmes\u00a0: le\u00a0moteur de base [&hellip;]<\/p>\n","protected":false},"author":1,"featured_media":0,"parent":0,"menu_order":0,"comment_status":"closed","ping_status":"closed","template":"","meta":{"_et_pb_use_builder":"on","_et_pb_old_content":"","_et_gb_content_width":"","_mi_skip_tracking":false,"_monsterinsights_sitenote_active":false,"_monsterinsights_sitenote_note":"","_monsterinsights_sitenote_category":0},"_links":{"self":[{"href":"http:\/\/ingeniousconsulting.fr\/lab\/wp-json\/wp\/v2\/pages\/1282"}],"collection":[{"href":"http:\/\/ingeniousconsulting.fr\/lab\/wp-json\/wp\/v2\/pages"}],"about":[{"href":"http:\/\/ingeniousconsulting.fr\/lab\/wp-json\/wp\/v2\/types\/page"}],"author":[{"embeddable":true,"href":"http:\/\/ingeniousconsulting.fr\/lab\/wp-json\/wp\/v2\/users\/1"}],"replies":[{"embeddable":true,"href":"http:\/\/ingeniousconsulting.fr\/lab\/wp-json\/wp\/v2\/comments?post=1282"}],"version-history":[{"count":25,"href":"http:\/\/ingeniousconsulting.fr\/lab\/wp-json\/wp\/v2\/pages\/1282\/revisions"}],"predecessor-version":[{"id":1391,"href":"http:\/\/ingeniousconsulting.fr\/lab\/wp-json\/wp\/v2\/pages\/1282\/revisions\/1391"}],"wp:attachment":[{"href":"http:\/\/ingeniousconsulting.fr\/lab\/wp-json\/wp\/v2\/media?parent=1282"}],"curies":[{"name":"wp","href":"https:\/\/api.w.org\/{rel}","templated":true}]}}